{"id":39,"date":"2023-01-16T13:14:25","date_gmt":"2023-01-16T13:14:25","guid":{"rendered":"https:\/\/chamonixskitouring.com\/about-us\/"},"modified":"2023-09-22T16:01:35","modified_gmt":"2023-09-22T16:01:35","slug":"uber-uns","status":"publish","type":"page","link":"https:\/\/chamonixskitouring.com\/de\/about-us\/","title":{"rendered":"\u00dcber uns"},"content":{"rendered":"<p>Wir haben uns schnell zu einem der f\u00fchrenden Unternehmen f\u00fcr <strong>gef\u00fchrte mehrt\u00e4gige Skitourenabenteuer<\/strong> in Chamonix. Ganz gleich, ob Sie sich f\u00fcr das Skifahren von H\u00fctte zu H\u00fctte entlang der ber\u00fchmten Haute Route interessieren oder lieber in Chamonix bleiben und jeden Tag ein neues Skigebiet in der N\u00e4he erkunden m\u00f6chten, wir haben das Richtige f\u00fcr Sie.<\/p>\n\n\n\n<figure class=\"wp-block-image size-large\"><img decoding=\"async\" src=\"https:\/\/chamonixskitouring.com\/wp-content\/uploads\/a-skier-is-standing-on-the-mountain-top-1024x683.webp\" alt=\"Ein Skifahrer steht auf dem Gipfel eines Berges.\" class=\"wp-image-736\"\/><\/figure>\n\n\n\n<p>Was uns an Frankreich und insbesondere an der Region um Chamonix besonders gut gef\u00e4llt, ist die Vielseitigkeit der Region. Es geht nicht nur um die schneebedeckten Berge, sondern um eine lebendige Umgebung, in der man eine Vielzahl von Aktivit\u00e4ten unternehmen kann. Die verschiedenen Regionen rund um Chamonix bieten alles, vom Skifahren und Snowboarden bis hin zum Wandern und Bergsteigen, und sind damit ein Spielplatz f\u00fcr Abenteuerlustige.<\/p>\n\n\n\n<p>Nachdem wir uns bereits in anderen europ\u00e4ischen L\u00e4ndern etabliert hatten, war die Ausweitung unserer T\u00e4tigkeit auf Frankreich eine logische Konsequenz. Vor allem in einem Ort wie Chamonix k\u00f6nnen wir ein noch breiteres Spektrum an Urlaubserlebnissen anbieten, die allen Schwierigkeitsgraden gerecht werden, vom Anf\u00e4nger bis zum Experten.<\/p>\n\n\n\n<h2 class=\"wp-block-heading\">Outdoor-Fans mit einem Faible f\u00fcr Skifahren<\/h2>\n\n\n\n<p>Unser Team ist ein <strong>temperamentvolle Gruppe von Personen<\/strong> die eine gemeinsame Leidenschaft f\u00fcr Skifahren, Bergsteigen und Outdoor-Abenteuer teilen. So begeistert wie wir von diesen Aktivit\u00e4ten sind, so leidenschaftlich sind wir auch, wenn es darum geht, Ihnen zu einem ebenso aufregenden Erlebnis zu verhelfen. Unser Hauptziel ist einfach: Wir m\u00f6chten, dass Sie so viel Spa\u00df wie m\u00f6glich haben und die Sch\u00f6nheit der Natur erleben, die uns immer wieder in Erstaunen versetzt.<\/p>\n\n\n\n<figure class=\"wp-block-image size-large\"><img decoding=\"async\" src=\"https:\/\/chamonixskitouring.com\/wp-content\/uploads\/hardcore-freeride-skiing-on-steep-slope-1024x683.webp\" alt=\"Skifahren in den verschneiten Bergen, ein sch\u00f6ner Wintertag.\" class=\"wp-image-734\"\/><\/figure>\n\n\n\n<p>Wir sorgen f\u00fcr einen reibungslosen Ablauf Ihres Abenteuers, indem wir uns um all die komplizierten Details k\u00fcmmern. Von der Buchung von Unterk\u00fcnften bis hin zu detaillierten Reisepl\u00e4nen und GPS-Routen - wir haben alles im Griff. Dar\u00fcber hinaus bieten wir rund um die Uhr Unterst\u00fctzung, um sicherzustellen, dass Ihr Erlebnis au\u00dfergew\u00f6hnlich ist.<\/p>\n\n\n\n<h2 class=\"wp-block-heading\">Entdecken Sie die M\u00f6glichkeiten, die wir bieten<\/h2>\n\n\n\n<p>Wenn Sie die Aussicht auf Skitouren in Chamonix genauso begeistert wie wir sind, laden wir Sie ein zu <a href=\"https:\/\/chamonixskitouring.com\/de\/#products\/\">Erkunden Sie die Vielfalt der angebotenen Optionen<\/a>. Jedes Paket ist so konzipiert, dass es ein einzigartiges Erlebnis bietet, das auf Ihre Interessen und Ihr K\u00f6nnen zugeschnitten ist. Egal, ob Sie ein erfahrener Skifahrer sind, der die n\u00e4chste Herausforderung sucht, oder jemand, der gerade erst anf\u00e4ngt, die Freuden des Wintersports zu entdecken, es ist f\u00fcr jeden etwas dabei.<\/p>\n\n\n\n<figure class=\"wp-block-image size-large\"><img decoding=\"async\" src=\"https:\/\/chamonixskitouring.com\/wp-content\/uploads\/snowboarder-les-grands-montets-ski-area-1024x683.webp\" alt=\"Snowboarder im Skigebiet Les Grands Montets in Argentiere bei Chamonix mit Canon 11mm - 22mm Weitwinkelobjektiv\" class=\"wp-image-769\"\/><\/figure>\n\n\n\n<p>Lassen Sie sich die Chance nicht entgehen, Ihren n\u00e4chsten Urlaub zu einem unvergesslichen Abenteuer zu machen. Mit der Vielfalt und Sch\u00f6nheit von Chamonix, gepaart mit unserer Erfahrung und Leidenschaft, sind wir zuversichtlich, dass Sie die Erfahrung finden werden, nach der Sie sich gesehnt haben. Werfen Sie noch heute einen Blick auf unser Angebot und machen Sie den ersten Schritt zu einer Reise voller Wunder, Aufregung und Erinnerungen, die ein Leben lang halten.<\/p>\n\n\n\n<p>Sie k\u00f6nnen sich auch \u00fcber unsere Skitourenpartner in Europa informieren:<\/p>\n\n\n\n<ul class=\"wp-block-list\">\n<li><a href=\"https:\/\/ski-touring-dolomites.com\/\">Skitouren Dolomiten<\/a><\/li>\n\n\n\n<li><a href=\"https:\/\/skitouringnorway.com\/\">Skitourengehen Norwegen<\/a><\/li>\n<\/ul>","protected":false},"excerpt":{"rendered":"<p>Wir haben uns schnell zu einer der ersten Adressen f\u00fcr gef\u00fchrte mehrt\u00e4gige Skitouren in Chamonix entwickelt. Ganz gleich, ob Sie sich f\u00fcr Skitouren von H\u00fctte zu H\u00fctte entlang der ber\u00fchmten Haute Route interessieren oder lieber in Chamonix bleiben und jeden Tag ein neues Skigebiet in der N\u00e4he erkunden m\u00f6chten - wir haben das Richtige f\u00fcr Sie. Was wir an Frankreich besonders lieben, vor allem an der Region ... <a href=\"https:\/\/chamonixskitouring.com\/de\/about-us\/\">Fortsetzung<\/a><\/p>","protected":false},"author":39,"featured_media":764,"parent":0,"menu_order":0,"comment_status":"closed","ping_status":"closed","template":"","meta":{"_acf_changed":false,"footnotes":""},"class_list":["post-39","page","type-page","status-publish","has-post-thumbnail","hentry"],"acf":{"page_subheading":"Let us introduce Chamonix Ski Touring, our mission and how we came to be one of the most fast-growing outdoor adventure companies in Europe."},"_links":{"self":[{"href":"https:\/\/chamonixskitouring.com\/de\/wp-json\/wp\/v2\/pages\/39","targetHints":{"allow":["GET"]}}],"collection":[{"href":"https:\/\/chamonixskitouring.com\/de\/wp-json\/wp\/v2\/pages"}],"about":[{"href":"https:\/\/chamonixskitouring.com\/de\/wp-json\/wp\/v2\/types\/page"}],"author":[{"embeddable":true,"href":"https:\/\/chamonixskitouring.com\/de\/wp-json\/wp\/v2\/users\/39"}],"replies":[{"embeddable":true,"href":"https:\/\/chamonixskitouring.com\/de\/wp-json\/wp\/v2\/comments?post=39"}],"version-history":[{"count":7,"href":"https:\/\/chamonixskitouring.com\/de\/wp-json\/wp\/v2\/pages\/39\/revisions"}],"predecessor-version":[{"id":808,"href":"https:\/\/chamonixskitouring.com\/de\/wp-json\/wp\/v2\/pages\/39\/revisions\/808"}],"wp:featuredmedia":[{"embeddable":true,"href":"https:\/\/chamonixskitouring.com\/de\/wp-json\/wp\/v2\/media\/764"}],"wp:attachment":[{"href":"https:\/\/chamonixskitouring.com\/de\/wp-json\/wp\/v2\/media?parent=39"}],"curies":[{"name":"wp","href":"https:\/\/api.w.org\/{rel}","templated":true}]}}